{"id":9,"date":"2023-11-22T16:23:24","date_gmt":"2023-11-22T16:23:24","guid":{"rendered":"http:\/\/alexiii.com\/?page_id=9"},"modified":"2023-12-12T08:14:30","modified_gmt":"2023-12-12T08:14:30","slug":"handmade-with-love","status":"publish","type":"page","link":"https:\/\/alexiii.com\/","title":{"rendered":"Site under construction&#8230;."},"content":{"rendered":"\n<div class=\"wp-block-group alignwide has-global-padding is-layout-constrained wp-block-group-is-layout-constrained\">\n<p class=\"has-text-align-center\"><strong><img loading=\"lazy\" decoding=\"async\" width=\"512\" height=\"512\" class=\"wp-image-90\" style=\"width: 25px;\" src=\"http:\/\/alexiii.com\/wp-content\/uploads\/2023\/12\/image.png\" alt=\"\" srcset=\"https:\/\/alexiii.com\/wp-content\/uploads\/2023\/12\/image.png 512w, https:\/\/alexiii.com\/wp-content\/uploads\/2023\/12\/image-300x300.png 300w, https:\/\/alexiii.com\/wp-content\/uploads\/2023\/12\/image-150x150.png 150w\" sizes=\"(max-width: 512px) 100vw, 512px\" \/><\/strong> alexiii_handmadewithlove<\/p>\n\n\n\n<p class=\"has-text-align-center\">      <strong> <\/strong>order by email: <strong>hello@alexiii.com<\/strong> <\/p>\n<\/div>\n\n\n\n<div class=\"wp-block-group alignfull has-global-padding is-layout-constrained wp-block-group-is-layout-constrained\" style=\"margin-top:0;margin-bottom:0;padding-top:var(--wp--preset--spacing--50);padding-right:var(--wp--preset--spacing--50);padding-bottom:var(--wp--preset--spacing--50);padding-left:var(--wp--preset--spacing--50)\">\n<div class=\"wp-block-columns alignwide is-layout-flex wp-container-core-columns-layout-3 wp-block-columns-is-layout-flex\" style=\"margin-top:0;margin-bottom:0\">\n<div class=\"wp-block-column is-layout-flow wp-container-core-column-layout-2 wp-block-column-is-layout-flow\">\n<div class=\"wp-block-columns is-layout-flex wp-container-core-columns-layout-1 wp-block-columns-is-layout-flex\">\n<div class=\"wp-block-column is-layout-flow wp-block-column-is-layout-flow\" style=\"flex-basis:100%\">\n<figure class=\"wp-block-image size-large is-style-rounded\"><img loading=\"lazy\" decoding=\"async\" width=\"768\" height=\"1024\" src=\"http:\/\/alexiii.com\/wp-content\/uploads\/2023\/11\/IMG_2289-768x1024.jpeg\" alt=\"\" class=\"wp-image-31\" style=\"aspect-ratio:1.3333333333333333;object-fit:cover\" srcset=\"https:\/\/alexiii.com\/wp-content\/uploads\/2023\/11\/IMG_2289-768x1024.jpeg 768w, https:\/\/alexiii.com\/wp-content\/uploads\/2023\/11\/IMG_2289-225x300.jpeg 225w, https:\/\/alexiii.com\/wp-content\/uploads\/2023\/11\/IMG_2289-1152x1536.jpeg 1152w, https:\/\/alexiii.com\/wp-content\/uploads\/2023\/11\/IMG_2289-1536x2048.jpeg 1536w, https:\/\/alexiii.com\/wp-content\/uploads\/2023\/11\/IMG_2289-scaled.jpeg 1920w\" sizes=\"(max-width: 768px) 100vw, 768px\" \/><\/figure>\n<\/div>\n<\/div>\n\n\n\n<div style=\"height:var(--wp--preset--spacing--50)\" aria-hidden=\"true\" class=\"wp-block-spacer\"><\/div>\n\n\n\n<figure class=\"wp-block-image size-large is-style-rounded\"><img loading=\"lazy\" decoding=\"async\" width=\"768\" height=\"1024\" src=\"http:\/\/alexiii.com\/wp-content\/uploads\/2023\/11\/IMG_2315-768x1024.jpeg\" alt=\"\" class=\"wp-image-37\" style=\"aspect-ratio:3\/4;object-fit:cover\" srcset=\"https:\/\/alexiii.com\/wp-content\/uploads\/2023\/11\/IMG_2315-768x1024.jpeg 768w, https:\/\/alexiii.com\/wp-content\/uploads\/2023\/11\/IMG_2315-225x300.jpeg 225w, https:\/\/alexiii.com\/wp-content\/uploads\/2023\/11\/IMG_2315-1152x1536.jpeg 1152w, https:\/\/alexiii.com\/wp-content\/uploads\/2023\/11\/IMG_2315-1536x2048.jpeg 1536w, https:\/\/alexiii.com\/wp-content\/uploads\/2023\/11\/IMG_2315-scaled.jpeg 1920w\" sizes=\"(max-width: 768px) 100vw, 768px\" \/><\/figure>\n\n\n\n<div style=\"height:var(--wp--preset--spacing--50)\" aria-hidden=\"true\" class=\"wp-block-spacer\"><\/div>\n\n\n\n<figure class=\"wp-block-image size-large is-style-rounded\"><img loading=\"lazy\" decoding=\"async\" width=\"768\" height=\"1024\" src=\"http:\/\/alexiii.com\/wp-content\/uploads\/2023\/11\/IMG_2267-768x1024.jpeg\" alt=\"\" class=\"wp-image-24\" style=\"aspect-ratio:3\/4;object-fit:cover\" srcset=\"https:\/\/alexiii.com\/wp-content\/uploads\/2023\/11\/IMG_2267-768x1024.jpeg 768w, https:\/\/alexiii.com\/wp-content\/uploads\/2023\/11\/IMG_2267-225x300.jpeg 225w, https:\/\/alexiii.com\/wp-content\/uploads\/2023\/11\/IMG_2267-1152x1536.jpeg 1152w, https:\/\/alexiii.com\/wp-content\/uploads\/2023\/11\/IMG_2267-1536x2048.jpeg 1536w, https:\/\/alexiii.com\/wp-content\/uploads\/2023\/11\/IMG_2267-scaled.jpeg 1920w\" sizes=\"(max-width: 768px) 100vw, 768px\" \/><\/figure>\n<\/div>\n\n\n\n<div class=\"wp-block-column is-layout-flow wp-container-core-column-layout-4 wp-block-column-is-layout-flow\">\n<div style=\"height:var(--wp--preset--spacing--50)\" aria-hidden=\"true\" class=\"wp-block-spacer\"><\/div>\n\n\n\n<figure class=\"wp-block-image size-large is-style-rounded\"><img loading=\"lazy\" decoding=\"async\" width=\"768\" height=\"1024\" src=\"http:\/\/alexiii.com\/wp-content\/uploads\/2023\/11\/IMG_2257-768x1024.jpeg\" alt=\"\" class=\"wp-image-21\" style=\"aspect-ratio:3\/4;object-fit:cover\" srcset=\"https:\/\/alexiii.com\/wp-content\/uploads\/2023\/11\/IMG_2257-768x1024.jpeg 768w, https:\/\/alexiii.com\/wp-content\/uploads\/2023\/11\/IMG_2257-225x300.jpeg 225w, https:\/\/alexiii.com\/wp-content\/uploads\/2023\/11\/IMG_2257-1152x1536.jpeg 1152w, https:\/\/alexiii.com\/wp-content\/uploads\/2023\/11\/IMG_2257-1536x2048.jpeg 1536w, https:\/\/alexiii.com\/wp-content\/uploads\/2023\/11\/IMG_2257-scaled.jpeg 1920w\" sizes=\"(max-width: 768px) 100vw, 768px\" \/><\/figure>\n\n\n\n<div style=\"height:var(--wp--preset--spacing--50)\" aria-hidden=\"true\" class=\"wp-block-spacer\"><\/div>\n\n\n\n<figure class=\"wp-block-image size-large is-style-rounded\"><img loading=\"lazy\" decoding=\"async\" width=\"768\" height=\"1024\" src=\"http:\/\/alexiii.com\/wp-content\/uploads\/2023\/11\/IMG_2301-768x1024.jpeg\" alt=\"\" class=\"wp-image-33\" style=\"aspect-ratio:1;object-fit:cover\" srcset=\"https:\/\/alexiii.com\/wp-content\/uploads\/2023\/11\/IMG_2301-768x1024.jpeg 768w, https:\/\/alexiii.com\/wp-content\/uploads\/2023\/11\/IMG_2301-225x300.jpeg 225w, https:\/\/alexiii.com\/wp-content\/uploads\/2023\/11\/IMG_2301-1152x1536.jpeg 1152w, https:\/\/alexiii.com\/wp-content\/uploads\/2023\/11\/IMG_2301-1536x2048.jpeg 1536w, https:\/\/alexiii.com\/wp-content\/uploads\/2023\/11\/IMG_2301-scaled.jpeg 1920w\" sizes=\"(max-width: 768px) 100vw, 768px\" \/><\/figure>\n\n\n\n<div style=\"height:var(--wp--preset--spacing--50)\" aria-hidden=\"true\" class=\"wp-block-spacer\"><\/div>\n\n\n\n<div class=\"wp-block-columns is-layout-flex wp-container-core-columns-layout-2 wp-block-columns-is-layout-flex\">\n<div class=\"wp-block-column is-layout-flow wp-block-column-is-layout-flow\" style=\"flex-basis:100%\">\n<figure class=\"wp-block-image size-large is-style-rounded\"><img loading=\"lazy\" decoding=\"async\" width=\"768\" height=\"1024\" src=\"http:\/\/alexiii.com\/wp-content\/uploads\/2023\/11\/IMG_2253-768x1024.jpeg\" alt=\"\" class=\"wp-image-20\" style=\"aspect-ratio:1;object-fit:cover\" srcset=\"https:\/\/alexiii.com\/wp-content\/uploads\/2023\/11\/IMG_2253-768x1024.jpeg 768w, https:\/\/alexiii.com\/wp-content\/uploads\/2023\/11\/IMG_2253-225x300.jpeg 225w, https:\/\/alexiii.com\/wp-content\/uploads\/2023\/11\/IMG_2253-1152x1536.jpeg 1152w, https:\/\/alexiii.com\/wp-content\/uploads\/2023\/11\/IMG_2253-1536x2048.jpeg 1536w, https:\/\/alexiii.com\/wp-content\/uploads\/2023\/11\/IMG_2253-scaled.jpeg 1920w\" sizes=\"(max-width: 768px) 100vw, 768px\" \/><\/figure>\n<\/div>\n<\/div>\n<\/div>\n\n\n\n<div class=\"wp-block-column is-layout-flow wp-container-core-column-layout-5 wp-block-column-is-layout-flow\">\n<figure class=\"wp-block-image size-large is-style-rounded\"><img loading=\"lazy\" decoding=\"async\" width=\"768\" height=\"1024\" src=\"http:\/\/alexiii.com\/wp-content\/uploads\/2023\/11\/IMG_2341-768x1024.jpeg\" alt=\"\" class=\"wp-image-43\" style=\"object-fit:cover\" srcset=\"https:\/\/alexiii.com\/wp-content\/uploads\/2023\/11\/IMG_2341-768x1024.jpeg 768w, https:\/\/alexiii.com\/wp-content\/uploads\/2023\/11\/IMG_2341-225x300.jpeg 225w, https:\/\/alexiii.com\/wp-content\/uploads\/2023\/11\/IMG_2341-1152x1536.jpeg 1152w, https:\/\/alexiii.com\/wp-content\/uploads\/2023\/11\/IMG_2341-1536x2048.jpeg 1536w, https:\/\/alexiii.com\/wp-content\/uploads\/2023\/11\/IMG_2341-scaled.jpeg 1920w\" sizes=\"(max-width: 768px) 100vw, 768px\" \/><\/figure>\n\n\n\n<div style=\"height:var(--wp--preset--spacing--50)\" aria-hidden=\"true\" class=\"wp-block-spacer\"><\/div>\n\n\n\n<figure class=\"wp-block-image size-large is-style-rounded\"><img loading=\"lazy\" decoding=\"async\" width=\"768\" height=\"1024\" src=\"http:\/\/alexiii.com\/wp-content\/uploads\/2023\/11\/IMG_2350-768x1024.jpeg\" alt=\"\" class=\"wp-image-46\" style=\"aspect-ratio:3\/4;object-fit:cover\" srcset=\"https:\/\/alexiii.com\/wp-content\/uploads\/2023\/11\/IMG_2350-768x1024.jpeg 768w, https:\/\/alexiii.com\/wp-content\/uploads\/2023\/11\/IMG_2350-225x300.jpeg 225w, https:\/\/alexiii.com\/wp-content\/uploads\/2023\/11\/IMG_2350-1152x1536.jpeg 1152w, https:\/\/alexiii.com\/wp-content\/uploads\/2023\/11\/IMG_2350-1536x2048.jpeg 1536w, https:\/\/alexiii.com\/wp-content\/uploads\/2023\/11\/IMG_2350-scaled.jpeg 1920w\" sizes=\"(max-width: 768px) 100vw, 768px\" \/><\/figure>\n\n\n\n<div style=\"height:var(--wp--preset--spacing--50)\" aria-hidden=\"true\" class=\"wp-block-spacer\"><\/div>\n\n\n\n<figure class=\"wp-block-image size-large is-style-rounded\"><img loading=\"lazy\" decoding=\"async\" width=\"768\" height=\"1024\" src=\"http:\/\/alexiii.com\/wp-content\/uploads\/2023\/11\/IMG_2252-768x1024.jpeg\" alt=\"\" class=\"wp-image-19\" style=\"aspect-ratio:16\/9;object-fit:cover\" srcset=\"https:\/\/alexiii.com\/wp-content\/uploads\/2023\/11\/IMG_2252-768x1024.jpeg 768w, https:\/\/alexiii.com\/wp-content\/uploads\/2023\/11\/IMG_2252-225x300.jpeg 225w, https:\/\/alexiii.com\/wp-content\/uploads\/2023\/11\/IMG_2252-1152x1536.jpeg 1152w, https:\/\/alexiii.com\/wp-content\/uploads\/2023\/11\/IMG_2252-1536x2048.jpeg 1536w, https:\/\/alexiii.com\/wp-content\/uploads\/2023\/11\/IMG_2252-scaled.jpeg 1920w\" sizes=\"(max-width: 768px) 100vw, 768px\" \/><\/figure>\n<\/div>\n\n\n\n<div class=\"wp-block-column is-layout-flow wp-container-core-column-layout-6 wp-block-column-is-layout-flow\">\n<div style=\"height:var(--wp--preset--spacing--50)\" aria-hidden=\"true\" class=\"wp-block-spacer\"><\/div>\n\n\n\n<figure class=\"wp-block-image size-large is-style-rounded\"><img loading=\"lazy\" decoding=\"async\" width=\"768\" height=\"1024\" src=\"http:\/\/alexiii.com\/wp-content\/uploads\/2023\/11\/IMG_2260-768x1024.jpeg\" alt=\"\" class=\"wp-image-23\" style=\"aspect-ratio:1;object-fit:cover\" srcset=\"https:\/\/alexiii.com\/wp-content\/uploads\/2023\/11\/IMG_2260-768x1024.jpeg 768w, https:\/\/alexiii.com\/wp-content\/uploads\/2023\/11\/IMG_2260-225x300.jpeg 225w, https:\/\/alexiii.com\/wp-content\/uploads\/2023\/11\/IMG_2260-1152x1536.jpeg 1152w, https:\/\/alexiii.com\/wp-content\/uploads\/2023\/11\/IMG_2260-1536x2048.jpeg 1536w, https:\/\/alexiii.com\/wp-content\/uploads\/2023\/11\/IMG_2260-scaled.jpeg 1920w\" sizes=\"(max-width: 768px) 100vw, 768px\" \/><\/figure>\n\n\n\n<div style=\"height:var(--wp--preset--spacing--50)\" aria-hidden=\"true\" class=\"wp-block-spacer\"><\/div>\n\n\n\n<figure class=\"wp-block-image size-large is-style-rounded\"><img loading=\"lazy\" decoding=\"async\" width=\"768\" height=\"1024\" src=\"http:\/\/alexiii.com\/wp-content\/uploads\/2023\/11\/IMG_2270-768x1024.jpeg\" alt=\"\" class=\"wp-image-25\" style=\"aspect-ratio:16\/9;object-fit:cover\" srcset=\"https:\/\/alexiii.com\/wp-content\/uploads\/2023\/11\/IMG_2270-768x1024.jpeg 768w, https:\/\/alexiii.com\/wp-content\/uploads\/2023\/11\/IMG_2270-225x300.jpeg 225w, https:\/\/alexiii.com\/wp-content\/uploads\/2023\/11\/IMG_2270-1152x1536.jpeg 1152w, https:\/\/alexiii.com\/wp-content\/uploads\/2023\/11\/IMG_2270-1536x2048.jpeg 1536w, https:\/\/alexiii.com\/wp-content\/uploads\/2023\/11\/IMG_2270-scaled.jpeg 1920w\" sizes=\"(max-width: 768px) 100vw, 768px\" \/><\/figure>\n\n\n\n<div style=\"height:var(--wp--preset--spacing--50)\" aria-hidden=\"true\" class=\"wp-block-spacer\"><\/div>\n\n\n\n<figure class=\"wp-block-image size-large is-style-rounded\"><img loading=\"lazy\" decoding=\"async\" width=\"768\" height=\"1024\" src=\"http:\/\/alexiii.com\/wp-content\/uploads\/2023\/11\/IMG_2273-768x1024.jpeg\" alt=\"\" class=\"wp-image-27\" style=\"aspect-ratio:9\/16;object-fit:cover\" srcset=\"https:\/\/alexiii.com\/wp-content\/uploads\/2023\/11\/IMG_2273-768x1024.jpeg 768w, https:\/\/alexiii.com\/wp-content\/uploads\/2023\/11\/IMG_2273-225x300.jpeg 225w, https:\/\/alexiii.com\/wp-content\/uploads\/2023\/11\/IMG_2273-1152x1536.jpeg 1152w, https:\/\/alexiii.com\/wp-content\/uploads\/2023\/11\/IMG_2273-1536x2048.jpeg 1536w, https:\/\/alexiii.com\/wp-content\/uploads\/2023\/11\/IMG_2273-scaled.jpeg 1920w\" sizes=\"(max-width: 768px) 100vw, 768px\" \/><\/figure>\n<\/div>\n<\/div>\n\n\n\n<div class=\"wp-block-columns is-layout-flex wp-container-core-columns-layout-4 wp-block-columns-is-layout-flex\">\n<div class=\"wp-block-column is-layout-flow wp-block-column-is-layout-flow\"><\/div>\n<\/div>\n\n\n\n<div class=\"wp-block-columns is-layout-flex wp-container-core-columns-layout-6 wp-block-columns-is-layout-flex\">\n<div class=\"wp-block-column is-layout-flow wp-block-column-is-layout-flow\">\n<div class=\"wp-block-group has-global-padding is-layout-constrained wp-block-group-is-layout-constrained\">\n<p><strong>Schenken macht gl\u00fccklich!<\/strong><\/p>\n\n\n\n<p>Jedes meiner H\u00e4keltiere aus Biobaumwolle ist ein einzigartiges Kuschel-Unikat, das mit viel Liebe und Sorgfalt handgearbeitet wurde.<\/p>\n\n\n\n<p>Die durchschnittliche H\u00e4kelzeit betr\u00e4gt beachtliche 20 Stunden pro Tier, darin steckt eine Menge Freude! Die Nachproduktion einzelner Tiere kann daher ein wenig Zeit in Anspruch nehmen. Deshalb empfehle ich, gleich zuzugreifen, solange mein kleiner Zoo noch komplett ist.<\/p>\n\n\n\n<p>Die s\u00fc\u00dfen Spielgef\u00e4hrten variieren in der Gr\u00f6\u00dfe von 28 cm bis 47 cm und sind je nach Modell zwischen 59,- und 98,- Euro erh\u00e4ltlich. Auf Wunsch und zu einem Aufpreis von 25,- Euro kann auch gerne ein kleiner Heilstein, z.B. ein Rosenquarz eingen\u00e4ht werden, der beim Kuscheln seine Kraft entfaltet&#8230;<\/p>\n\n\n\n<p><strong>Jedes St\u00fcck ist eine einzigartige Investition in hochwertige Handarbeit und liebevolles Design.<\/strong><\/p>\n\n\n\n<div class=\"wp-block-columns is-layout-flex wp-container-core-columns-layout-5 wp-block-columns-is-layout-flex\">\n<div class=\"wp-block-column is-layout-flow wp-block-column-is-layout-flow\" style=\"flex-basis:100%\">\n<figure class=\"wp-block-image aligncenter size-full is-style-rounded\"><img loading=\"lazy\" decoding=\"async\" width=\"200\" height=\"200\" src=\"http:\/\/alexiii.com\/wp-content\/uploads\/2023\/12\/image-5.png\" alt=\"\" class=\"wp-image-115\" srcset=\"https:\/\/alexiii.com\/wp-content\/uploads\/2023\/12\/image-5.png 200w, https:\/\/alexiii.com\/wp-content\/uploads\/2023\/12\/image-5-150x150.png 150w\" sizes=\"(max-width: 200px) 100vw, 200px\" \/><\/figure>\n<\/div>\n<\/div>\n\n\n\n<p class=\"has-text-align-center\">order by email: <strong>hello@alexiii.com<\/strong> <\/p>\n<\/div>\n<\/div>\n<\/div>\n<\/div>\n\n\n\n<div class=\"wp-block-group is-vertical is-content-justification-center is-layout-flex wp-container-core-group-layout-4 wp-block-group-is-layout-flex\" style=\"padding-top:var(--wp--preset--spacing--40);padding-bottom:var(--wp--preset--spacing--50)\"><div class=\"wp-block-site-logo\"><img loading=\"lazy\" decoding=\"async\" width=\"115\" height=\"65\" src=\"https:\/\/alexiii.com\/wp-content\/uploads\/2023\/11\/alexiii-logo.jpeg\" class=\"custom-logo\" alt=\"                                  \" srcset=\"https:\/\/alexiii.com\/wp-content\/uploads\/2023\/11\/alexiii-logo.jpeg 1600w, https:\/\/alexiii.com\/wp-content\/uploads\/2023\/11\/alexiii-logo-300x172.jpeg 300w, https:\/\/alexiii.com\/wp-content\/uploads\/2023\/11\/alexiii-logo-1024x586.jpeg 1024w, https:\/\/alexiii.com\/wp-content\/uploads\/2023\/11\/alexiii-logo-768x439.jpeg 768w, https:\/\/alexiii.com\/wp-content\/uploads\/2023\/11\/alexiii-logo-1536x878.jpeg 1536w\" sizes=\"(max-width: 115px) 100vw, 115px\" \/><\/div>\n\n<nav class=\"has-small-font-size items-justified-center wp-block-navigation has-small-font-size is-content-justification-center is-layout-flex wp-container-core-navigation-layout-1 wp-block-navigation-is-layout-flex\" aria-label=\"Navigation\"><ul class=\"wp-block-navigation__container has-small-font-size items-justified-center wp-block-navigation has-small-font-size\"><li class=\"has-small-font-size wp-block-navigation-item wp-block-navigation-link\"><a class=\"wp-block-navigation-item__content\"  href=\"http:\/\/alexiii.com\/?page_id=9\"><span class=\"wp-block-navigation-item__label\"><em>            <\/em>more pictures &amp; information coming soon \u2026<\/span><\/a><\/li><\/ul><\/nav>\n\n\n<p class=\"has-text-align-center has-secondary-color has-text-color has-link-color has-small-font-size wp-elements-e1c1622784faeac3f70f75622e71d9ad\"> <\/p>\n<\/div>\n","protected":false},"excerpt":{"rendered":"<p>alexiii_handmadewithlove order by email: hello@alexiii.com Schenken macht gl\u00fccklich! Jedes meiner H\u00e4keltiere aus Biobaumwolle ist ein einzigartiges Kuschel-Unikat, das mit viel Liebe und Sorgfalt handgearbeitet wurde. Die durchschnittliche H\u00e4kelzeit betr\u00e4gt beachtliche 20 Stunden pro Tier, darin steckt eine Menge Freude! Die Nachproduktion einzelner Tiere kann daher ein wenig Zeit in Anspruch nehmen. Deshalb empfehle ich, gleich [&hellip;]<\/p>\n","protected":false},"author":1,"featured_media":130,"parent":0,"menu_order":0,"comment_status":"closed","ping_status":"closed","template":"","meta":{"footnotes":""},"_links":{"self":[{"href":"https:\/\/alexiii.com\/index.php?rest_route=\/wp\/v2\/pages\/9"}],"collection":[{"href":"https:\/\/alexiii.com\/index.php?rest_route=\/wp\/v2\/pages"}],"about":[{"href":"https:\/\/alexiii.com\/index.php?rest_route=\/wp\/v2\/types\/page"}],"author":[{"embeddable":true,"href":"https:\/\/alexiii.com\/index.php?rest_route=\/wp\/v2\/users\/1"}],"replies":[{"embeddable":true,"href":"https:\/\/alexiii.com\/index.php?rest_route=%2Fwp%2Fv2%2Fcomments&post=9"}],"version-history":[{"count":41,"href":"https:\/\/alexiii.com\/index.php?rest_route=\/wp\/v2\/pages\/9\/revisions"}],"predecessor-version":[{"id":137,"href":"https:\/\/alexiii.com\/index.php?rest_route=\/wp\/v2\/pages\/9\/revisions\/137"}],"wp:featuredmedia":[{"embeddable":true,"href":"https:\/\/alexiii.com\/index.php?rest_route=\/wp\/v2\/media\/130"}],"wp:attachment":[{"href":"https:\/\/alexiii.com\/index.php?rest_route=%2Fwp%2Fv2%2Fmedia&parent=9"}],"curies":[{"name":"wp","href":"https:\/\/api.w.org\/{rel}","templated":true}]}}